{"id":5869,"date":"2023-10-15T08:27:56","date_gmt":"2023-10-15T06:27:56","guid":{"rendered":"https:\/\/www.playloud.fr\/?page_id=5869"},"modified":"2023-10-15T08:27:56","modified_gmt":"2023-10-15T06:27:56","slug":"projet","status":"publish","type":"page","link":"https:\/\/www.playloud.fr\/index.php\/projet\/","title":{"rendered":"PROJET"},"content":{"rendered":"<p>[vc_row][vc_column][vc_column_text]<strong>Playloud<\/strong> est un programme <strong>AUVIO<\/strong>, centr\u00e9 sur la zone Frontali\u00e8re d\u00e9finie comme \u00abEurometropole LILLE\/TOURNAI\/COURTRAI\u00bb.<\/p>\n<p>Cr\u00e9\u00e9e en 2014, <strong>pionni\u00e8re du DAB+ dans les Hauts-de-France<\/strong>, Playloud d\u00e9veloppe historiquement son offre radiophonique \u201clibre, alternative, ind\u00e9pendante\u201d sur l\u2019Eurom\u00e9tropole Lilloise.<\/p>\n<p>La station propose un contenu autour de <strong>l\u2019innovation musicale et culturelle<\/strong>.<\/p>\n<p>Elle est anim\u00e9e par une \u00e9quipe de passionn\u00e9s (professionnels et jeunes talents) et propose un format qui, sur le digital, a d\u00e9j\u00e0 conquis des milliers d\u2019internautes.<\/p>\n<p>Diffus\u00e9e 24H\/24 en radio num\u00e9rique sur la <strong>M\u00e9tropole Lilloise et \u00e0 Dunkerque<\/strong>, sur les r\u00e9seaux sociaux (et notamment Twitch en version audio &amp; vid\u00e9o) ainsi que sur son application, la radio poursuit son implantation.<\/p>\n<p>Elle a rejoint en 2021, avec enthousiasme, la plateforme <strong>RadioPlayer<\/strong>, v\u00e9ritable alternative qui unit les acteurs majeurs du paysage radiophonique Fran\u00e7ais dans la mutation num\u00e9rique du m\u00e9dia.<\/p>\n<p>L\u2019objectif principal de <strong>Playloud<\/strong> est de f\u00e9d\u00e9rer autour de th\u00e8mes universels : la <strong>culture<\/strong>, la <strong>musique<\/strong> et <strong>l\u2019art<\/strong>, une audience locale et extra-locale en faisant abstraction des fronti\u00e8res.<\/p>\n<p><strong>Playloud<\/strong> c\u2019est chaque jour, 9 heures de programmes anim\u00e9s, et de nombreux RDV th\u00e9matiques, ponctu\u00e9s plusieurs fois par heure par des infos pratiques, culturelles, sociales et solidaires\u00a0ainsi qu\u2019une s\u00e9lection d\u2019\u00e9v\u00e8nements \u00e0 ne pas rater dans l\u2019Eurozone.<\/p>\n<p>Le format musical, est compos\u00e9 d\u2019une majorit\u00e9 de productions indie\/europ\u00e9ennes, \u00e0 destination d\u2019un public adulte\/jeune adulte urbain et tendance.\u00a0A faible rotation, elle est compos\u00e9e \u00e0 plus de <strong>90% de nouveaut\u00e9s<\/strong> issues majoritairement des nouveaux circuits de production et de distribution.<\/p>\n<p>La ligne musicale <strong>Playloud<\/strong> c\u2019est pr\u00e8s de 1000 titres diff\u00e9rents par semaine.<br \/>\nTr\u00e8s \u00e9loign\u00e9 des formats CHR et Top40, c\u2019est un choix cibl\u00e9, mais \u00e9clectique, capable d\u2019int\u00e9resser un public local, mais qui se doit d\u2019\u00eatre \u00e9galement format\u00e9 pour un auditeur \u00e9tranger de passage.<\/p>\n<p>G\u00e9r\u00e9 par un collectif d\u2019anciens ou d\u2019actuels pro de la production musicale et\/ou de la radio commerciale comme associative, <strong>Playloud<\/strong> n\u2019est pas juste un robinet \u00e0 musique.\u00a0C\u2019est un projet pens\u00e9, avec une ligne d\u2019antenne et un vrai format musical.[\/vc_column_text][\/vc_column][\/vc_row]<\/p>\n","protected":false},"excerpt":{"rendered":"<p>[vc_row][vc_column][vc_column_text]Playloud est un programme AUVIO, centr\u00e9 sur la zone Frontali\u00e8re d\u00e9finie comme \u00abEurometropole LILLE\/TOURNAI\/COURTRAI\u00bb. Cr\u00e9\u00e9e en 2014, pionni\u00e8re du DAB+ dans les Hauts-de-France, Playloud d\u00e9veloppe historiquement son offre radiophonique \u201clibre, alternative, ind\u00e9pendante\u201d sur l\u2019Eurom\u00e9tropole Lilloise. La station propose un contenu autour de l\u2019innovation musicale et culturelle. Elle est anim\u00e9e par une \u00e9quipe de passionn\u00e9s (professionnels [&hellip;]<\/p>\n","protected":false},"author":1,"featured_media":0,"parent":0,"menu_order":0,"comment_status":"closed","ping_status":"closed","template":"","meta":{"_mi_skip_tracking":false,"_exactmetrics_sitenote_active":false,"_exactmetrics_sitenote_note":"","_exactmetrics_sitenote_category":0,"footnotes":""},"yoast_head":"<!-- This site is optimized with the Yoast SEO plugin v21.3 - https:\/\/yoast.com\/wordpress\/plugins\/seo\/ -->\n<title>PROJET - Playloud Radio<\/title>\n<meta name=\"robots\" content=\"index, follow, max-snippet:-1, max-image-preview:large, max-video-preview:-1\" \/>\n<link rel=\"canonical\" href=\"https:\/\/www.playloud.fr\/index.php\/projet\/\" \/>\n<meta property=\"og:locale\" content=\"fr_FR\" \/>\n<meta property=\"og:type\" content=\"article\" \/>\n<meta property=\"og:title\" content=\"PROJET - Playloud Radio\" \/>\n<meta property=\"og:description\" content=\"[vc_row][vc_column][vc_column_text]Playloud est un programme AUVIO, centr\u00e9 sur la zone Frontali\u00e8re d\u00e9finie comme \u00abEurometropole LILLE\/TOURNAI\/COURTRAI\u00bb. Cr\u00e9\u00e9e en 2014, pionni\u00e8re du DAB+ dans les Hauts-de-France, Playloud d\u00e9veloppe historiquement son offre radiophonique \u201clibre, alternative, ind\u00e9pendante\u201d sur l\u2019Eurom\u00e9tropole Lilloise. La station propose un contenu autour de l\u2019innovation musicale et culturelle. Elle est anim\u00e9e par une \u00e9quipe de passionn\u00e9s (professionnels [&hellip;]\" \/>\n<meta property=\"og:url\" content=\"https:\/\/www.playloud.fr\/index.php\/projet\/\" \/>\n<meta property=\"og:site_name\" content=\"Playloud Radio\" \/>\n<meta property=\"og:image\" content=\"https:\/\/www.playloud.fr\/wp-content\/uploads\/2019\/09\/logopldpld.jpg\" \/>\n\t<meta property=\"og:image:width\" content=\"1200\" \/>\n\t<meta property=\"og:image:height\" content=\"600\" \/>\n\t<meta property=\"og:image:type\" content=\"image\/jpeg\" \/>\n<meta name=\"twitter:card\" content=\"summary_large_image\" \/>\n<meta name=\"twitter:label1\" content=\"Dur\u00e9e de lecture estim\u00e9e\" \/>\n\t<meta name=\"twitter:data1\" content=\"2 minutes\" \/>\n<script type=\"application\/ld+json\" class=\"yoast-schema-graph\">{\"@context\":\"https:\/\/schema.org\",\"@graph\":[{\"@type\":\"WebPage\",\"@id\":\"https:\/\/www.playloud.fr\/index.php\/projet\/\",\"url\":\"https:\/\/www.playloud.fr\/index.php\/projet\/\",\"name\":\"PROJET - Playloud Radio\",\"isPartOf\":{\"@id\":\"https:\/\/www.playloud.fr\/#website\"},\"datePublished\":\"2023-10-15T06:27:56+00:00\",\"dateModified\":\"2023-10-15T06:27:56+00:00\",\"breadcrumb\":{\"@id\":\"https:\/\/www.playloud.fr\/index.php\/projet\/#breadcrumb\"},\"inLanguage\":\"fr-FR\",\"potentialAction\":[{\"@type\":\"ReadAction\",\"target\":[\"https:\/\/www.playloud.fr\/index.php\/projet\/\"]}]},{\"@type\":\"BreadcrumbList\",\"@id\":\"https:\/\/www.playloud.fr\/index.php\/projet\/#breadcrumb\",\"itemListElement\":[{\"@type\":\"ListItem\",\"position\":1,\"name\":\"Accueil\",\"item\":\"https:\/\/www.playloud.fr\/\"},{\"@type\":\"ListItem\",\"position\":2,\"name\":\"PROJET\"}]},{\"@type\":\"WebSite\",\"@id\":\"https:\/\/www.playloud.fr\/#website\",\"url\":\"https:\/\/www.playloud.fr\/\",\"name\":\"Playloud Radio\",\"description\":\"The Future Of Music\",\"publisher\":{\"@id\":\"https:\/\/www.playloud.fr\/#organization\"},\"potentialAction\":[{\"@type\":\"SearchAction\",\"target\":{\"@type\":\"EntryPoint\",\"urlTemplate\":\"https:\/\/www.playloud.fr\/?s={search_term_string}\"},\"query-input\":\"required name=search_term_string\"}],\"inLanguage\":\"fr-FR\"},{\"@type\":\"Organization\",\"@id\":\"https:\/\/www.playloud.fr\/#organization\",\"name\":\"Playloud Radio\",\"url\":\"https:\/\/www.playloud.fr\/\",\"logo\":{\"@type\":\"ImageObject\",\"inLanguage\":\"fr-FR\",\"@id\":\"https:\/\/www.playloud.fr\/#\/schema\/logo\/image\/\",\"url\":\"https:\/\/www.playloud.fr\/wp-content\/uploads\/2023\/10\/playlouddab-copie.png\",\"contentUrl\":\"https:\/\/www.playloud.fr\/wp-content\/uploads\/2023\/10\/playlouddab-copie.png\",\"width\":1714,\"height\":1012,\"caption\":\"Playloud Radio\"},\"image\":{\"@id\":\"https:\/\/www.playloud.fr\/#\/schema\/logo\/image\/\"}}]}<\/script>\n<!-- \/ Yoast SEO plugin. -->","yoast_head_json":{"title":"PROJET - Playloud Radio","robots":{"index":"index","follow":"follow","max-snippet":"max-snippet:-1","max-image-preview":"max-image-preview:large","max-video-preview":"max-video-preview:-1"},"canonical":"https:\/\/www.playloud.fr\/index.php\/projet\/","og_locale":"fr_FR","og_type":"article","og_title":"PROJET - Playloud Radio","og_description":"[vc_row][vc_column][vc_column_text]Playloud est un programme AUVIO, centr\u00e9 sur la zone Frontali\u00e8re d\u00e9finie comme \u00abEurometropole LILLE\/TOURNAI\/COURTRAI\u00bb. Cr\u00e9\u00e9e en 2014, pionni\u00e8re du DAB+ dans les Hauts-de-France, Playloud d\u00e9veloppe historiquement son offre radiophonique \u201clibre, alternative, ind\u00e9pendante\u201d sur l\u2019Eurom\u00e9tropole Lilloise. La station propose un contenu autour de l\u2019innovation musicale et culturelle. Elle est anim\u00e9e par une \u00e9quipe de passionn\u00e9s (professionnels [&hellip;]","og_url":"https:\/\/www.playloud.fr\/index.php\/projet\/","og_site_name":"Playloud Radio","og_image":[{"width":1200,"height":600,"url":"https:\/\/www.playloud.fr\/wp-content\/uploads\/2019\/09\/logopldpld.jpg","type":"image\/jpeg"}],"twitter_card":"summary_large_image","twitter_misc":{"Dur\u00e9e de lecture estim\u00e9e":"2 minutes"},"schema":{"@context":"https:\/\/schema.org","@graph":[{"@type":"WebPage","@id":"https:\/\/www.playloud.fr\/index.php\/projet\/","url":"https:\/\/www.playloud.fr\/index.php\/projet\/","name":"PROJET - Playloud Radio","isPartOf":{"@id":"https:\/\/www.playloud.fr\/#website"},"datePublished":"2023-10-15T06:27:56+00:00","dateModified":"2023-10-15T06:27:56+00:00","breadcrumb":{"@id":"https:\/\/www.playloud.fr\/index.php\/projet\/#breadcrumb"},"inLanguage":"fr-FR","potentialAction":[{"@type":"ReadAction","target":["https:\/\/www.playloud.fr\/index.php\/projet\/"]}]},{"@type":"BreadcrumbList","@id":"https:\/\/www.playloud.fr\/index.php\/projet\/#breadcrumb","itemListElement":[{"@type":"ListItem","position":1,"name":"Accueil","item":"https:\/\/www.playloud.fr\/"},{"@type":"ListItem","position":2,"name":"PROJET"}]},{"@type":"WebSite","@id":"https:\/\/www.playloud.fr\/#website","url":"https:\/\/www.playloud.fr\/","name":"Playloud Radio","description":"The Future Of Music","publisher":{"@id":"https:\/\/www.playloud.fr\/#organization"},"potentialAction":[{"@type":"SearchAction","target":{"@type":"EntryPoint","urlTemplate":"https:\/\/www.playloud.fr\/?s={search_term_string}"},"query-input":"required name=search_term_string"}],"inLanguage":"fr-FR"},{"@type":"Organization","@id":"https:\/\/www.playloud.fr\/#organization","name":"Playloud Radio","url":"https:\/\/www.playloud.fr\/","logo":{"@type":"ImageObject","inLanguage":"fr-FR","@id":"https:\/\/www.playloud.fr\/#\/schema\/logo\/image\/","url":"https:\/\/www.playloud.fr\/wp-content\/uploads\/2023\/10\/playlouddab-copie.png","contentUrl":"https:\/\/www.playloud.fr\/wp-content\/uploads\/2023\/10\/playlouddab-copie.png","width":1714,"height":1012,"caption":"Playloud Radio"},"image":{"@id":"https:\/\/www.playloud.fr\/#\/schema\/logo\/image\/"}}]}},"_links":{"self":[{"href":"https:\/\/www.playloud.fr\/index.php\/wp-json\/wp\/v2\/pages\/5869"}],"collection":[{"href":"https:\/\/www.playloud.fr\/index.php\/wp-json\/wp\/v2\/pages"}],"about":[{"href":"https:\/\/www.playloud.fr\/index.php\/wp-json\/wp\/v2\/types\/page"}],"author":[{"embeddable":true,"href":"https:\/\/www.playloud.fr\/index.php\/wp-json\/wp\/v2\/users\/1"}],"replies":[{"embeddable":true,"href":"https:\/\/www.playloud.fr\/index.php\/wp-json\/wp\/v2\/comments?post=5869"}],"version-history":[{"count":1,"href":"https:\/\/www.playloud.fr\/index.php\/wp-json\/wp\/v2\/pages\/5869\/revisions"}],"predecessor-version":[{"id":5870,"href":"https:\/\/www.playloud.fr\/index.php\/wp-json\/wp\/v2\/pages\/5869\/revisions\/5870"}],"wp:attachment":[{"href":"https:\/\/www.playloud.fr\/index.php\/wp-json\/wp\/v2\/media?parent=5869"}],"curies":[{"name":"wp","href":"https:\/\/api.w.org\/{rel}","templated":true}]}}