{"id":5874,"date":"2023-10-15T08:28:39","date_gmt":"2023-10-15T06:28:39","guid":{"rendered":"https:\/\/www.playloud.fr\/?page_id=5874"},"modified":"2023-10-15T08:28:39","modified_gmt":"2023-10-15T06:28:39","slug":"dab","status":"publish","type":"page","link":"https:\/\/www.playloud.fr\/index.php\/dab\/","title":{"rendered":"DAB+"},"content":{"rendered":"<p>[vc_row][vc_column][vc_column_text]Le DAB (Digital Audio Broadcasting). est le successeur num\u00e9rique de la FM. Le \u2018+\u2019 signifie la norme mondiale utilis\u00e9e pour le DAB. En France, le DAB+ est aussi connu sous le nom de radio num\u00e9rique terrestre (RNT).<\/p>\n<p><strong>QUELS SONT LES AVANTAGES DU DAB+ ?<\/strong><\/p>\n<p>\u2013 Un son HD digital, de meilleure qualit\u00e9 par rapport \u00e0 celui de la FM.<\/p>\n<p>\u2013 Une offre radio d\u00e9cupl\u00e9e face \u00e0 une FM satur\u00e9e. Le DAB+ offre la possibilit\u00e9 de voir germer de nouveaux programmes, plus diversifi\u00e9s. Aujourd\u2019hui rien qu\u2019\u00e0 Lille, il est possible de capter plus de 70 radios diff\u00e9rentes !<\/p>\n<p>\u2013 Plus simple et intuitif, inutile de vous rem\u00e9morer le num\u00e9ro de la station de votre radio pr\u00e9f\u00e9r\u00e9e, il vous suffit de la rechercher dans la liste des radios propos\u00e9es par ordre alphab\u00e9tique !<\/p>\n<p>\u2013 Plus informatif, le DAB+ offre la possibilit\u00e9 aux radios d\u2019envoyer sur les postes et autoradios \u00e9quip\u00e9s d\u2019\u00e9crans des donn\u00e9es associ\u00e9es, telles que le titre actuellement diffus\u00e9, sa pochette, une photo de l\u2019artiste et bien d\u2019autres choses.<\/p>\n<p>Totalement anonyme, Le DAB+ c\u2019est aussi le respect de l\u2019auditeur et de sa libert\u00e9 : A l\u2019heure de la question de la neutralit\u00e9 du net, du pouvoir des GAFA, en DAB+, on a la qualit\u00e9 du num\u00e9rique et les avantages de l\u2019analogique.<\/p>\n<p>Depuis le 19 Juin 2018 sur la m\u00e9tropole Lilloise, ce sont plus de 39 radios dont 27 non disponibles sur la bande FM.<\/p>\n<p><strong>Pour en savoir encore plus ou comment vous \u00e9quiper, rendez-vous sur le <a class=\"customize-unpreviewable\" href=\"http:\/\/www.dabplus.fr\">www.dabplus.fr<\/a><\/strong>[\/vc_column_text][\/vc_column][\/vc_row]<\/p>\n","protected":false},"excerpt":{"rendered":"<p>[vc_row][vc_column][vc_column_text]Le DAB (Digital Audio Broadcasting). est le successeur num\u00e9rique de la FM. Le \u2018+\u2019 signifie la norme mondiale utilis\u00e9e pour le DAB. En France, le DAB+ est aussi connu sous le nom de radio num\u00e9rique terrestre (RNT). QUELS SONT LES AVANTAGES DU DAB+ ? \u2013 Un son HD digital, de meilleure qualit\u00e9 par rapport \u00e0 [&hellip;]<\/p>\n","protected":false},"author":1,"featured_media":0,"parent":0,"menu_order":0,"comment_status":"closed","ping_status":"closed","template":"","meta":{"_mi_skip_tracking":false,"_exactmetrics_sitenote_active":false,"_exactmetrics_sitenote_note":"","_exactmetrics_sitenote_category":0,"footnotes":""},"yoast_head":"<!-- This site is optimized with the Yoast SEO plugin v21.3 - https:\/\/yoast.com\/wordpress\/plugins\/seo\/ -->\n<title>DAB+ - Playloud Radio<\/title>\n<meta name=\"robots\" content=\"index, follow, max-snippet:-1, max-image-preview:large, max-video-preview:-1\" \/>\n<link rel=\"canonical\" href=\"https:\/\/www.playloud.fr\/index.php\/dab\/\" \/>\n<meta property=\"og:locale\" content=\"fr_FR\" \/>\n<meta property=\"og:type\" content=\"article\" \/>\n<meta property=\"og:title\" content=\"DAB+ - Playloud Radio\" \/>\n<meta property=\"og:description\" content=\"[vc_row][vc_column][vc_column_text]Le DAB (Digital Audio Broadcasting). est le successeur num\u00e9rique de la FM. Le \u2018+\u2019 signifie la norme mondiale utilis\u00e9e pour le DAB. En France, le DAB+ est aussi connu sous le nom de radio num\u00e9rique terrestre (RNT). QUELS SONT LES AVANTAGES DU DAB+ ? \u2013 Un son HD digital, de meilleure qualit\u00e9 par rapport \u00e0 [&hellip;]\" \/>\n<meta property=\"og:url\" content=\"https:\/\/www.playloud.fr\/index.php\/dab\/\" \/>\n<meta property=\"og:site_name\" content=\"Playloud Radio\" \/>\n<meta property=\"og:image\" content=\"https:\/\/www.playloud.fr\/wp-content\/uploads\/2019\/09\/logopldpld.jpg\" \/>\n\t<meta property=\"og:image:width\" content=\"1200\" \/>\n\t<meta property=\"og:image:height\" content=\"600\" \/>\n\t<meta property=\"og:image:type\" content=\"image\/jpeg\" \/>\n<meta name=\"twitter:card\" content=\"summary_large_image\" \/>\n<meta name=\"twitter:label1\" content=\"Dur\u00e9e de lecture estim\u00e9e\" \/>\n\t<meta name=\"twitter:data1\" content=\"2 minutes\" \/>\n<script type=\"application\/ld+json\" class=\"yoast-schema-graph\">{\"@context\":\"https:\/\/schema.org\",\"@graph\":[{\"@type\":\"WebPage\",\"@id\":\"https:\/\/www.playloud.fr\/index.php\/dab\/\",\"url\":\"https:\/\/www.playloud.fr\/index.php\/dab\/\",\"name\":\"DAB+ - Playloud Radio\",\"isPartOf\":{\"@id\":\"https:\/\/www.playloud.fr\/#website\"},\"datePublished\":\"2023-10-15T06:28:39+00:00\",\"dateModified\":\"2023-10-15T06:28:39+00:00\",\"breadcrumb\":{\"@id\":\"https:\/\/www.playloud.fr\/index.php\/dab\/#breadcrumb\"},\"inLanguage\":\"fr-FR\",\"potentialAction\":[{\"@type\":\"ReadAction\",\"target\":[\"https:\/\/www.playloud.fr\/index.php\/dab\/\"]}]},{\"@type\":\"BreadcrumbList\",\"@id\":\"https:\/\/www.playloud.fr\/index.php\/dab\/#breadcrumb\",\"itemListElement\":[{\"@type\":\"ListItem\",\"position\":1,\"name\":\"Accueil\",\"item\":\"https:\/\/www.playloud.fr\/\"},{\"@type\":\"ListItem\",\"position\":2,\"name\":\"DAB+\"}]},{\"@type\":\"WebSite\",\"@id\":\"https:\/\/www.playloud.fr\/#website\",\"url\":\"https:\/\/www.playloud.fr\/\",\"name\":\"Playloud Radio\",\"description\":\"The Future Of Music\",\"publisher\":{\"@id\":\"https:\/\/www.playloud.fr\/#organization\"},\"potentialAction\":[{\"@type\":\"SearchAction\",\"target\":{\"@type\":\"EntryPoint\",\"urlTemplate\":\"https:\/\/www.playloud.fr\/?s={search_term_string}\"},\"query-input\":\"required name=search_term_string\"}],\"inLanguage\":\"fr-FR\"},{\"@type\":\"Organization\",\"@id\":\"https:\/\/www.playloud.fr\/#organization\",\"name\":\"Playloud Radio\",\"url\":\"https:\/\/www.playloud.fr\/\",\"logo\":{\"@type\":\"ImageObject\",\"inLanguage\":\"fr-FR\",\"@id\":\"https:\/\/www.playloud.fr\/#\/schema\/logo\/image\/\",\"url\":\"https:\/\/www.playloud.fr\/wp-content\/uploads\/2023\/10\/playlouddab-copie.png\",\"contentUrl\":\"https:\/\/www.playloud.fr\/wp-content\/uploads\/2023\/10\/playlouddab-copie.png\",\"width\":1714,\"height\":1012,\"caption\":\"Playloud Radio\"},\"image\":{\"@id\":\"https:\/\/www.playloud.fr\/#\/schema\/logo\/image\/\"}}]}<\/script>\n<!-- \/ Yoast SEO plugin. -->","yoast_head_json":{"title":"DAB+ - Playloud Radio","robots":{"index":"index","follow":"follow","max-snippet":"max-snippet:-1","max-image-preview":"max-image-preview:large","max-video-preview":"max-video-preview:-1"},"canonical":"https:\/\/www.playloud.fr\/index.php\/dab\/","og_locale":"fr_FR","og_type":"article","og_title":"DAB+ - Playloud Radio","og_description":"[vc_row][vc_column][vc_column_text]Le DAB (Digital Audio Broadcasting). est le successeur num\u00e9rique de la FM. Le \u2018+\u2019 signifie la norme mondiale utilis\u00e9e pour le DAB. En France, le DAB+ est aussi connu sous le nom de radio num\u00e9rique terrestre (RNT). QUELS SONT LES AVANTAGES DU DAB+ ? \u2013 Un son HD digital, de meilleure qualit\u00e9 par rapport \u00e0 [&hellip;]","og_url":"https:\/\/www.playloud.fr\/index.php\/dab\/","og_site_name":"Playloud Radio","og_image":[{"width":1200,"height":600,"url":"https:\/\/www.playloud.fr\/wp-content\/uploads\/2019\/09\/logopldpld.jpg","type":"image\/jpeg"}],"twitter_card":"summary_large_image","twitter_misc":{"Dur\u00e9e de lecture estim\u00e9e":"2 minutes"},"schema":{"@context":"https:\/\/schema.org","@graph":[{"@type":"WebPage","@id":"https:\/\/www.playloud.fr\/index.php\/dab\/","url":"https:\/\/www.playloud.fr\/index.php\/dab\/","name":"DAB+ - Playloud Radio","isPartOf":{"@id":"https:\/\/www.playloud.fr\/#website"},"datePublished":"2023-10-15T06:28:39+00:00","dateModified":"2023-10-15T06:28:39+00:00","breadcrumb":{"@id":"https:\/\/www.playloud.fr\/index.php\/dab\/#breadcrumb"},"inLanguage":"fr-FR","potentialAction":[{"@type":"ReadAction","target":["https:\/\/www.playloud.fr\/index.php\/dab\/"]}]},{"@type":"BreadcrumbList","@id":"https:\/\/www.playloud.fr\/index.php\/dab\/#breadcrumb","itemListElement":[{"@type":"ListItem","position":1,"name":"Accueil","item":"https:\/\/www.playloud.fr\/"},{"@type":"ListItem","position":2,"name":"DAB+"}]},{"@type":"WebSite","@id":"https:\/\/www.playloud.fr\/#website","url":"https:\/\/www.playloud.fr\/","name":"Playloud Radio","description":"The Future Of Music","publisher":{"@id":"https:\/\/www.playloud.fr\/#organization"},"potentialAction":[{"@type":"SearchAction","target":{"@type":"EntryPoint","urlTemplate":"https:\/\/www.playloud.fr\/?s={search_term_string}"},"query-input":"required name=search_term_string"}],"inLanguage":"fr-FR"},{"@type":"Organization","@id":"https:\/\/www.playloud.fr\/#organization","name":"Playloud Radio","url":"https:\/\/www.playloud.fr\/","logo":{"@type":"ImageObject","inLanguage":"fr-FR","@id":"https:\/\/www.playloud.fr\/#\/schema\/logo\/image\/","url":"https:\/\/www.playloud.fr\/wp-content\/uploads\/2023\/10\/playlouddab-copie.png","contentUrl":"https:\/\/www.playloud.fr\/wp-content\/uploads\/2023\/10\/playlouddab-copie.png","width":1714,"height":1012,"caption":"Playloud Radio"},"image":{"@id":"https:\/\/www.playloud.fr\/#\/schema\/logo\/image\/"}}]}},"_links":{"self":[{"href":"https:\/\/www.playloud.fr\/index.php\/wp-json\/wp\/v2\/pages\/5874"}],"collection":[{"href":"https:\/\/www.playloud.fr\/index.php\/wp-json\/wp\/v2\/pages"}],"about":[{"href":"https:\/\/www.playloud.fr\/index.php\/wp-json\/wp\/v2\/types\/page"}],"author":[{"embeddable":true,"href":"https:\/\/www.playloud.fr\/index.php\/wp-json\/wp\/v2\/users\/1"}],"replies":[{"embeddable":true,"href":"https:\/\/www.playloud.fr\/index.php\/wp-json\/wp\/v2\/comments?post=5874"}],"version-history":[{"count":1,"href":"https:\/\/www.playloud.fr\/index.php\/wp-json\/wp\/v2\/pages\/5874\/revisions"}],"predecessor-version":[{"id":5875,"href":"https:\/\/www.playloud.fr\/index.php\/wp-json\/wp\/v2\/pages\/5874\/revisions\/5875"}],"wp:attachment":[{"href":"https:\/\/www.playloud.fr\/index.php\/wp-json\/wp\/v2\/media?parent=5874"}],"curies":[{"name":"wp","href":"https:\/\/api.w.org\/{rel}","templated":true}]}}